{"id":886,"date":"2018-07-26T14:10:36","date_gmt":"2018-07-26T17:10:36","guid":{"rendered":"https:\/\/insvillaberthet-cha.infd.edu.ar\/sitio\/?page_id=886"},"modified":"2018-11-27T13:10:12","modified_gmt":"2018-11-27T16:10:12","slug":"programas-2018","status":"publish","type":"page","link":"https:\/\/insvillaberthet-cha.infd.edu.ar\/sitio\/programas-2018\/","title":{"rendered":"Programas de Estudio 2018"},"content":{"rendered":"<h3>Primer A\u00f1o<\/h3>\n<p>Pedagog\u00eda<\/p>\n<p><a href=\"https:\/\/drive.google.com\/file\/d\/1JBkpi3VsTPzum4Ugm8iXYu80mSjU0Mvw\/view?usp=sharing\">Alfabetizaci\u00f3n Acad\u00e9mica<\/a><\/p>\n<p><a href=\"https:\/\/drive.google.com\/file\/d\/17JgDmb3fFTo140Hgl7ArMWN9kpNZizRm\/view?usp=sharing\">Did\u00e1ctica General<\/a><\/p>\n<p>Introducci\u00f3n a la biolog\u00eda<\/p>\n<p><a href=\"https:\/\/drive.google.com\/file\/d\/1gJuZlfgH2T8v6nRpdasnYpgc2wrru7t5\/view?usp=sharing\">Investigaci\u00f3n del mundo natural<\/a><\/p>\n<p>F\u00edsica General y biol\u00f3gica<\/p>\n<ul>\n<li><a href=\"https:\/\/drive.google.com\/file\/d\/1PTnKk1IlyP23ThsxewY0CAxGWH2Bwnhd\/view?usp=sharing\">Comisi\u00f3n A<\/a><\/li>\n<li><a href=\"https:\/\/drive.google.com\/file\/d\/1jlAngCvcKt2NbJNKF28680PLzgUu783w\/view?usp=sharing\">Comisi\u00f3n B<\/a><\/li>\n<\/ul>\n<p><a href=\"https:\/\/drive.google.com\/file\/d\/1VI1vHPP6rQpajZkTLVmXtwhVeW1VDtnq\/view?usp=sharing\">Matem\u00e1tica y bioestad\u00edstica<\/a><\/p>\n<p>Sujeto de la educaci\u00f3n secundaria<\/p>\n<p><a href=\"https:\/\/drive.google.com\/file\/d\/1yG7teJfJVK0XzXnth0dfeQ5qhSslyxMu\/view?usp=sharing\">Qu\u00edmica general y biol\u00f3gica<\/a><\/p>\n<p>Pr\u00e1ctica docente I<\/p>\n<p>&nbsp;<\/p>\n","protected":false},"excerpt":{"rendered":"<p>Primer A\u00f1o Pedagog\u00eda Alfabetizaci\u00f3n Acad\u00e9mica Did\u00e1ctica General Introducci\u00f3n a la biolog\u00eda Investigaci\u00f3n del mundo natural F\u00edsica General y biol\u00f3gica Comisi\u00f3n A Comisi\u00f3n B Matem\u00e1tica y bioestad\u00edstica Sujeto de la educaci\u00f3n secundaria Qu\u00edmica general y biol\u00f3gica Pr\u00e1ctica docente I &nbsp;<\/p>\n","protected":false},"author":318,"featured_media":0,"parent":0,"menu_order":0,"comment_status":"closed","ping_status":"closed","template":"","meta":[],"acf":[],"_links":{"self":[{"href":"https:\/\/insvillaberthet-cha.infd.edu.ar\/sitio\/wp-json\/wp\/v2\/pages\/886"}],"collection":[{"href":"https:\/\/insvillaberthet-cha.infd.edu.ar\/sitio\/wp-json\/wp\/v2\/pages"}],"about":[{"href":"https:\/\/insvillaberthet-cha.infd.edu.ar\/sitio\/wp-json\/wp\/v2\/types\/page"}],"author":[{"embeddable":true,"href":"https:\/\/insvillaberthet-cha.infd.edu.ar\/sitio\/wp-json\/wp\/v2\/users\/318"}],"replies":[{"embeddable":true,"href":"https:\/\/insvillaberthet-cha.infd.edu.ar\/sitio\/wp-json\/wp\/v2\/comments?post=886"}],"version-history":[{"count":10,"href":"https:\/\/insvillaberthet-cha.infd.edu.ar\/sitio\/wp-json\/wp\/v2\/pages\/886\/revisions"}],"predecessor-version":[{"id":1183,"href":"https:\/\/insvillaberthet-cha.infd.edu.ar\/sitio\/wp-json\/wp\/v2\/pages\/886\/revisions\/1183"}],"wp:attachment":[{"href":"https:\/\/insvillaberthet-cha.infd.edu.ar\/sitio\/wp-json\/wp\/v2\/media?parent=886"}],"curies":[{"name":"wp","href":"https:\/\/api.w.org\/{rel}","templated":true}]}}