{"id":879,"date":"2018-06-29T17:44:52","date_gmt":"2018-06-29T20:44:52","guid":{"rendered":"https:\/\/insvillaberthet-cha.infd.edu.ar\/sitio\/autoridades\/"},"modified":"2021-05-23T10:52:21","modified_gmt":"2021-05-23T13:52:21","slug":"autoridades","status":"publish","type":"page","link":"https:\/\/insvillaberthet-cha.infd.edu.ar\/sitio\/autoridades\/","title":{"rendered":"Autoridades"},"content":{"rendered":"<table style=\"width: 484px; height: 256px; text-align: center;\" border=\"0\" align=\"center\">\n<tbody>\n<tr>\n<td colspan=\"2\">\n<p style=\"text-align: left;\"><span style=\"font-size: xx-small;\"><span style=\"font-family: trebuchet ms,geneva;\"><span style=\"font-size: 10pt;\"><strong>RECTOR<\/strong><\/span><\/span><\/span><\/p>\n<p style=\"text-align: left;\"><span style=\"font-size: xx-small;\"><span style=\"font-family: trebuchet ms,geneva;\"><span style=\"font-size: 10pt;\">Prof- Luis Alberto Monz\u00f3n<\/span><\/span><\/span><\/p>\n<p style=\"text-align: left;\"><span style=\"font-family: trebuchet ms,geneva;\"><span style=\"font-size: xx-small;\"><span style=\"font-size: 10pt;\">E-mail: <\/span><a href=\"mailto:melquiades_h@yahoo.com.ar\"><span style=\"font-family: trebuchet ms,geneva;\"><span style=\"font-size: 10pt;\">melquiades_h@yahoo.com.ar<\/span><\/span><\/a><\/span><\/span><span style=\"font-size: xx-small;\"><span style=\"font-family: trebuchet ms,geneva;\"><span style=\"font-size: 10pt;\">\u00a0<\/span><\/span><\/span><\/p>\n<\/td>\n<\/tr>\n<tr>\n<td colspan=\"2\">\n<p style=\"text-align: left;\"><span style=\"font-family: 'trebuchet ms', geneva; font-size: 10pt;\"><strong>VICERRECTOR\u00a0<\/strong><\/span><\/p>\n<p style=\"text-align: left;\"><span style=\"font-family: 'trebuchet ms', geneva; font-size: 10pt;\">Profesorado para la Educaci\u00f3n Secundaria en Tecnolog\u00edas<\/span><\/p>\n<p style=\"text-align: left;\"><span style=\"font-family: 'trebuchet ms', geneva; font-size: 10pt;\">Prof. Gustavo Leopoldo G\u00f3mez Geneiro<\/span><\/p>\n<p style=\"text-align: left;\"><span style=\"font-size: xx-small;\"><span style=\"font-family: trebuchet ms,geneva;\"><span style=\"font-size: 10pt;\">\u00a0<strong>E-mail:<\/strong>\u00a0<a href=\"mailto:arquigeneiro@yahoo.com.ar\">arquigeneiro@yahoo.com.ar<\/a><\/span><\/span><\/span><\/p>\n<\/td>\n<\/tr>\n<tr>\n<td colspan=\"2\">\n<p style=\"text-align: left;\"><span style=\"font-family: trebuchet ms,geneva;\"><span style=\"font-size: 10pt;\"><strong>SECRETARIO ADMINISTRATIVO<\/strong><\/span><\/span><\/p>\n<p style=\"text-align: left;\"><span style=\"font-family: trebuchet ms,geneva;\"><span style=\"font-size: 10pt;\">Prof. Wilfredo Dante Fossati<\/span><\/span><span style=\"font-size: xx-small;\"><span style=\"font-family: trebuchet ms,geneva;\"><span style=\"font-size: 10pt;\">\u00a0<\/span><\/span><\/span><\/p>\n<p style=\"text-align: left;\"><span style=\"font-size: xx-small;\"><span style=\"font-family: trebuchet ms,geneva;\"><span style=\"font-size: 10pt;\"><strong>SECRETARIA ACAD\u00c9MICA<\/strong><\/span><\/span><\/span><\/p>\n<p style=\"text-align: left;\"><span style=\"font-size: xx-small;\"><span style=\"font-family: trebuchet ms,geneva;\"><span style=\"font-size: 10pt;\">Prof. Eva Romina Galo<\/span><\/span><\/span><\/p>\n<p style=\"text-align: left;\"><span style=\"font-size: xx-small;\"><span style=\"font-family: trebuchet ms,geneva;\"><span style=\"font-size: 10pt;\">E-mail: <a href=\"mailto:arroromi@hotmail.com\"><span style=\"font-family: 'trebuchet ms', geneva; font-size: 10pt;\">arroromi@hotmail.com<\/span><\/a><\/span><\/span><\/span><\/p>\n<\/td>\n<\/tr>\n<tr>\n<td colspan=\"2\">\n<p style=\"text-align: left;\"><span style=\"font-size: 10pt; font-family: 'trebuchet ms', geneva;\"><strong>DIRECTORES DE CARRERA\u00a0<\/strong><\/span><\/p>\n<p style=\"text-align: left;\"><span style=\"font-size: 10pt; font-family: 'trebuchet ms', geneva;\">Profesorado para la Educaci\u00f3n Tecnol\u00f3gica<\/span><\/p>\n<p style=\"text-align: left;\"><span style=\"font-size: 10pt; font-family: 'trebuchet ms', geneva;\">Profesorado para la Educaci\u00f3n Secundaria en Biolog\u00eda<\/span><\/p>\n<p style=\"text-align: left;\"><span style=\"font-size: 10pt; font-family: 'trebuchet ms', geneva;\">Prof. Daiana Mabel Gomez<\/span><\/p>\n<p style=\"text-align: left;\"><span style=\"font-size: 10pt; font-family: 'trebuchet ms', geneva;\"><strong>E-mail:<\/strong>\u00a0<a href=\"mailto:daia09_dmg@yahoo.com.ar\">daia09_dmg@yahoo.com.ar<\/a>\u00a0<\/span><span style=\"font-size: xx-small;\"><span style=\"font-family: trebuchet ms,geneva;\"><span style=\"font-size: 10pt;\">\u00a0<\/span><\/span><\/span><\/p>\n<p style=\"text-align: left;\"><span style=\"font-size: 10pt; font-family: 'trebuchet ms', geneva;\">Profesorado para la Educaci\u00f3n Secundaria en Matem\u00e1tica<\/span><\/p>\n<p style=\"text-align: left;\"><span style=\"font-size: 10pt; font-family: 'trebuchet ms', geneva;\">Profesorado para la Educaci\u00f3n Secundaria en Ingl\u00e9s <\/span><\/p>\n<p style=\"text-align: left;\"><span style=\"font-size: 10pt; font-family: 'trebuchet ms', geneva;\">Prof. Gustavo Gomez Geneiro<\/span><\/p>\n<p style=\"text-align: left;\"><span style=\"font-size: xx-small;\"><span style=\"font-family: trebuchet ms,geneva;\"><span style=\"font-size: 10pt;\"><strong>E-mail:<\/strong>\u00a0<a href=\"mailto:arquigeneiro@yahoo.com.ar\">arquigeneiro@yahoo.com.ar<\/a><\/span><\/span><\/span><\/p>\n<p style=\"text-align: left;\"><span style=\"font-size: 10pt; font-family: 'trebuchet ms', geneva;\">Tecnicatura Superior en Desarrollo de Software <\/span><\/p>\n<p style=\"text-align: left;\"><span style=\"font-size: 10pt; font-family: 'trebuchet ms', geneva;\">Tecnicatura Superior en Enfermer\u00eda <\/span><\/p>\n<p style=\"text-align: left;\"><span style=\"font-size: 10pt; font-family: 'trebuchet ms', geneva;\">Prof. Carlos Alex Ferrer <\/span><\/p>\n<p style=\"text-align: left;\"><span style=\"font-size: 10pt; font-family: 'trebuchet ms', geneva;\">E-mail: <a href=\"mailto:alex4681@gmail.com\">alex4681@gmail.com\u00a0<\/a><\/span><\/p>\n<\/td>\n<\/tr>\n<tr>\n<td colspan=\"2\">\n<p style=\"text-align: left;\"><strong><span style=\"font-size: xx-small;\"><span style=\"font-family: trebuchet ms,geneva;\"><span style=\"font-size: 10pt;\">BEDELES\u00a0<\/span><\/span><\/span><\/strong><\/p>\n<p style=\"text-align: left;\"><span style=\"font-size: 10pt; font-family: 'trebuchet ms', geneva;\">Profesorado para la Educaci\u00f3n Tecnol\u00f3gica<\/span><\/p>\n<p style=\"text-align: left;\"><span style=\"font-size: 10pt; font-family: 'trebuchet ms', geneva;\">Profesorado para la Educaci\u00f3n Secundaria en Ingl\u00e9s<\/span><\/p>\n<p style=\"text-align: left;\"><span style=\"font-size: 10pt; font-family: 'trebuchet ms', geneva;\">Tecnicatura Superior en Desarrollo de Software<\/span><\/p>\n<p style=\"text-align: left;\"><span style=\"font-size: 10pt; font-family: 'trebuchet ms', geneva;\">Prof. Karina Patricia Harnicar<\/span><\/p>\n<p style=\"text-align: left;\"><span style=\"font-size: 10pt; font-family: 'trebuchet ms', geneva;\"><strong>E-mail:<\/strong>\u00a0<a href=\"mailto:karinaharnicar@gmail.com\">karinaharnicar@gmail.com<\/a><\/span><\/p>\n<p style=\"text-align: left;\"><span style=\"font-size: 10pt; font-family: 'trebuchet ms', geneva;\">Profesorado para la Educaci\u00f3n Secundaria en Matem\u00e1tica<\/span><\/p>\n<p style=\"text-align: left;\"><span style=\"font-size: 10pt; font-family: 'trebuchet ms', geneva;\">Prof. Mar\u00eda de los \u00c1ngeles Oulehla <\/span><\/p>\n<p style=\"text-align: left;\"><span style=\"font-size: 10pt; font-family: 'trebuchet ms', geneva;\">E-mail: <a href=\"mailto:maritaoulehla@gmail.com\">maritaoulehla@gmail.com<\/a>\u00a0<\/span><\/p>\n<p style=\"text-align: left;\"><span style=\"font-size: 10pt; font-family: 'trebuchet ms', geneva;\">Profesorado para la Educaci\u00f3n Secundaria en Biolog\u00eda<\/span><\/p>\n<p style=\"text-align: left;\"><span style=\"font-size: 10pt; font-family: 'trebuchet ms', geneva;\">Tecnicatura Superior en Enfermer\u00eda<\/span><\/p>\n<p style=\"text-align: left;\"><span style=\"font-size: 10pt; font-family: 'trebuchet ms', geneva;\">Prof. Fabio Francisco Ivas<\/span><\/p>\n<p style=\"text-align: left;\"><span style=\"font-size: xx-small;\"><span style=\"font-family: trebuchet ms,geneva;\"><span style=\"font-size: 10pt;\"><strong>E-mail:<\/strong>\u00a0<a href=\"mailto:alguacilcan@gmail.com\">alguacilcan@gmail.com\u00a0<\/a><\/span><\/span><\/span><\/p>\n<\/td>\n<\/tr>\n<tr>\n<td>\n<p style=\"text-align: left;\"><strong><span style=\"font-size: 10pt; font-family: 'trebuchet ms', geneva;\">COORDINADORA DE CAPACITACI\u00d3N<\/span><\/strong><\/p>\n<p style=\"text-align: left;\"><span style=\"font-size: 10pt; font-family: 'trebuchet ms', geneva;\">Prof. Daiana M. G\u00f3mez<\/span><\/p>\n<p style=\"text-align: left;\"><span style=\"font-size: 10pt; font-family: 'trebuchet ms', geneva;\">E-mail: <a href=\"mailto:daia09_dmg@yahoo.com.ar\">daia09_dmg@yahoo.com.ar<\/a><\/span><\/p>\n<\/td>\n<td>\n<p style=\"text-align: left;\"><strong style=\"font-family: 'trebuchet ms', geneva; font-size: 10pt;\">COORDINADORA DE INVESTIGACI\u00d3N<\/strong><\/p>\n<p style=\"text-align: left;\"><span style=\"font-family: 'trebuchet ms', geneva; font-size: 10pt;\">Prof. Eva Romina Galo<\/span><\/p>\n<p style=\"text-align: left;\"><span style=\"font-family: 'trebuchet ms', geneva; font-size: 10pt;\">E-mail: <a href=\"mailto:arroromi@hotmail.com\">arroromi@hotmail.com<\/a><\/span><\/p>\n<\/td>\n<\/tr>\n<tr>\n<td><\/td>\n<td><\/td>\n<\/tr>\n<tr>\n<td style=\"text-align: left;\"><\/td>\n<td><\/td>\n<\/tr>\n<\/tbody>\n<\/table>\n","protected":false},"excerpt":{"rendered":"<p>RECTOR Prof- Luis Alberto Monz\u00f3n E-mail: melquiades_h@yahoo.com.ar\u00a0 VICERRECTOR\u00a0 Profesorado para la Educaci\u00f3n Secundaria en Tecnolog\u00edas Prof. Gustavo Leopoldo G\u00f3mez Geneiro \u00a0E-mail:\u00a0arquigeneiro@yahoo.com.ar SECRETARIO ADMINISTRATIVO Prof. Wilfredo Dante Fossati\u00a0 SECRETARIA ACAD\u00c9MICA Prof. Eva Romina Galo E-mail: arroromi@hotmail.com DIRECTORES DE CARRERA\u00a0 Profesorado para la Educaci\u00f3n Tecnol\u00f3gica Profesorado para la Educaci\u00f3n Secundaria en Biolog\u00eda Prof. Daiana Mabel Gomez E-mail:\u00a0daia09_dmg@yahoo.com.ar\u00a0\u00a0 &#8230; <a title=\"Autoridades\" class=\"read-more\" href=\"https:\/\/insvillaberthet-cha.infd.edu.ar\/sitio\/autoridades\/\" aria-label=\"More on Autoridades\">[+]<\/a><\/p>\n","protected":false},"author":318,"featured_media":0,"parent":0,"menu_order":0,"comment_status":"closed","ping_status":"closed","template":"","meta":[],"acf":[],"_links":{"self":[{"href":"https:\/\/insvillaberthet-cha.infd.edu.ar\/sitio\/wp-json\/wp\/v2\/pages\/879"}],"collection":[{"href":"https:\/\/insvillaberthet-cha.infd.edu.ar\/sitio\/wp-json\/wp\/v2\/pages"}],"about":[{"href":"https:\/\/insvillaberthet-cha.infd.edu.ar\/sitio\/wp-json\/wp\/v2\/types\/page"}],"author":[{"embeddable":true,"href":"https:\/\/insvillaberthet-cha.infd.edu.ar\/sitio\/wp-json\/wp\/v2\/users\/318"}],"replies":[{"embeddable":true,"href":"https:\/\/insvillaberthet-cha.infd.edu.ar\/sitio\/wp-json\/wp\/v2\/comments?post=879"}],"version-history":[{"count":3,"href":"https:\/\/insvillaberthet-cha.infd.edu.ar\/sitio\/wp-json\/wp\/v2\/pages\/879\/revisions"}],"predecessor-version":[{"id":1328,"href":"https:\/\/insvillaberthet-cha.infd.edu.ar\/sitio\/wp-json\/wp\/v2\/pages\/879\/revisions\/1328"}],"wp:attachment":[{"href":"https:\/\/insvillaberthet-cha.infd.edu.ar\/sitio\/wp-json\/wp\/v2\/media?parent=879"}],"curies":[{"name":"wp","href":"https:\/\/api.w.org\/{rel}","templated":true}]}}