{"id":876,"date":"2018-06-29T17:44:51","date_gmt":"2018-06-29T20:44:51","guid":{"rendered":"https:\/\/insvillaberthet-cha.infd.edu.ar\/sitio\/plan-de-estudios\/"},"modified":"2018-12-05T23:06:41","modified_gmt":"2018-12-06T02:06:41","slug":"plan-de-estudios","status":"publish","type":"page","link":"https:\/\/insvillaberthet-cha.infd.edu.ar\/sitio\/plan-de-estudios\/","title":{"rendered":"Programas de Estudio 2018"},"content":{"rendered":"<h3>Primer A\u00f1o<\/h3>\n<h6><a href=\"https:\/\/drive.google.com\/file\/d\/1JBkpi3VsTPzum4Ugm8iXYu80mSjU0Mvw\/view?usp=sharing\">Alfabetizaci\u00f3n Acad\u00e9mica<\/a><\/h6>\n<h6><a href=\"https:\/\/drive.google.com\/file\/d\/1_X7tKb50TC-YoHgxx4JWRZrY1S8AP64G\/view?usp=sharing\">Pedagog\u00eda<\/a><\/h6>\n<h6><a href=\"https:\/\/drive.google.com\/file\/d\/1eLBBPODx7X_1kIyXfjjNMXZZAoWiaJH8\/view?usp=sharing\">Did\u00e1ctica General<\/a><\/h6>\n<h6><a href=\"https:\/\/drive.google.com\/file\/d\/1gMYUqLgqF8dwNysEtt7uQmorIw37GnOx\/view?usp=sharing\">Educaci\u00f3n Tecnol\u00f3gica<\/a><\/h6>\n<h6><a href=\"https:\/\/drive.google.com\/file\/d\/1dkAS8DylwfZI3hPUcQSzzQJoCLaF_pod\/view?usp=sharing\">F\u00edsico Qu\u00edmica<\/a><\/h6>\n<h6><a href=\"https:\/\/drive.google.com\/file\/d\/11LUTCDFaDXJm6pLhLtW9gX4RpRH886Jd\/view?usp=sharing\">Historia de la Tecnolog\u00eda<\/a><\/h6>\n<h6>Matem\u00e1tica Aplicada<\/h6>\n<h6><a href=\"https:\/\/drive.google.com\/file\/d\/1YAKy6XUAOp2xgezA4Tna2G0gw0YD804D\/view?usp=sharing\">Pr\u00e1ctica Docente I<\/a><\/h6>\n<p>&nbsp;<\/p>\n<h3>Segundo A\u00f1o<\/h3>\n<h6><a href=\"https:\/\/drive.google.com\/file\/d\/1AVQEW81AYbNQPaPSKz9-LCNCK0znq0bR\/view?usp=sharing\">Psicolog\u00eda Educacional<\/a><\/h6>\n<h6><a href=\"https:\/\/drive.google.com\/file\/d\/13XgtpY0yED9FBaJWHZKBUuYgphz8E69c\/view?usp=sharing\">Filosof\u00eda<\/a><\/h6>\n<h6><a href=\"https:\/\/drive.google.com\/file\/d\/14oixYDf2Oc7HN_9R8-GDtQ9xhtv1WPh-\/view?usp=sharing\">Sujeto de la Educaci\u00f3n<\/a><\/h6>\n<h6><a href=\"https:\/\/drive.google.com\/file\/d\/16SQLHvM3X1X2XgzFxOXGdfVN2g3XyNZD\/view?usp=sharing\">Sistemas Tecnol\u00f3gicos<\/a><\/h6>\n<h6><a href=\"https:\/\/drive.google.com\/file\/d\/1zYcKECrXlbLJQK-PSg-aUkReouvnw7t4\/view?usp=sharing\">Modelos Tecnol\u00f3gicos<\/a><\/h6>\n<h6><a href=\"https:\/\/drive.google.com\/file\/d\/1c1cJL0WqB8ZDBzyP1n0LwTcxoenP2S-Z\/view?usp=sharing\">Did\u00e1ctica de la Educaci\u00f3n Tecnol\u00f3gica I<\/a><\/h6>\n<h6><a href=\"https:\/\/drive.google.com\/file\/d\/1OMOgFX7k7ok_IdWB1w8q_io1E04Iv_b6\/view?usp=sharing\">Desarrollo Tecnol\u00f3gico y Ambiente<\/a><\/h6>\n<h6><a href=\"https:\/\/drive.google.com\/file\/d\/1bkzi3dMSkOzEPa_PeQ1NqsRnClkdky4l\/view?usp=sharing\">Cultura y Lenguas Originarias<\/a><\/h6>\n<h6><a href=\"https:\/\/drive.google.com\/file\/d\/1nKjgT3BPtwSu50DFMxB4XZmLhVCUtWsT\/view?usp=sharing\">Tecnolog\u00edas de la Informaci\u00f3n y la Comunicaci\u00f3n<\/a><\/h6>\n<h6><a href=\"https:\/\/drive.google.com\/file\/d\/17zvRM7l8zD0c_hkIRBGn-swwcwz-BLXR\/view?usp=sharing\">Pr\u00e1ctica Docente II<\/a><\/h6>\n","protected":false},"excerpt":{"rendered":"<p>Primer A\u00f1o Alfabetizaci\u00f3n Acad\u00e9mica Pedagog\u00eda Did\u00e1ctica General Educaci\u00f3n Tecnol\u00f3gica F\u00edsico Qu\u00edmica Historia de la Tecnolog\u00eda Matem\u00e1tica Aplicada Pr\u00e1ctica Docente I &nbsp; Segundo A\u00f1o Psicolog\u00eda Educacional Filosof\u00eda Sujeto de la Educaci\u00f3n Sistemas Tecnol\u00f3gicos Modelos Tecnol\u00f3gicos Did\u00e1ctica de la Educaci\u00f3n Tecnol\u00f3gica I Desarrollo Tecnol\u00f3gico y Ambiente Cultura y Lenguas Originarias Tecnolog\u00edas de la Informaci\u00f3n y la Comunicaci\u00f3n &#8230; <a title=\"Programas de Estudio 2018\" class=\"read-more\" href=\"https:\/\/insvillaberthet-cha.infd.edu.ar\/sitio\/plan-de-estudios\/\" aria-label=\"More on Programas de Estudio 2018\">[+]<\/a><\/p>\n","protected":false},"author":318,"featured_media":0,"parent":0,"menu_order":0,"comment_status":"closed","ping_status":"closed","template":"","meta":[],"acf":[],"_links":{"self":[{"href":"https:\/\/insvillaberthet-cha.infd.edu.ar\/sitio\/wp-json\/wp\/v2\/pages\/876"}],"collection":[{"href":"https:\/\/insvillaberthet-cha.infd.edu.ar\/sitio\/wp-json\/wp\/v2\/pages"}],"about":[{"href":"https:\/\/insvillaberthet-cha.infd.edu.ar\/sitio\/wp-json\/wp\/v2\/types\/page"}],"author":[{"embeddable":true,"href":"https:\/\/insvillaberthet-cha.infd.edu.ar\/sitio\/wp-json\/wp\/v2\/users\/318"}],"replies":[{"embeddable":true,"href":"https:\/\/insvillaberthet-cha.infd.edu.ar\/sitio\/wp-json\/wp\/v2\/comments?post=876"}],"version-history":[{"count":14,"href":"https:\/\/insvillaberthet-cha.infd.edu.ar\/sitio\/wp-json\/wp\/v2\/pages\/876\/revisions"}],"predecessor-version":[{"id":1204,"href":"https:\/\/insvillaberthet-cha.infd.edu.ar\/sitio\/wp-json\/wp\/v2\/pages\/876\/revisions\/1204"}],"wp:attachment":[{"href":"https:\/\/insvillaberthet-cha.infd.edu.ar\/sitio\/wp-json\/wp\/v2\/media?parent=876"}],"curies":[{"name":"wp","href":"https:\/\/api.w.org\/{rel}","templated":true}]}}