{"id":286,"date":"2016-10-31T13:17:59","date_gmt":"2016-10-31T16:17:59","guid":{"rendered":"https:\/\/insvillaberthet-cha.infd.edu.ar\/sitio\/?page_id=286"},"modified":"2024-06-19T11:22:03","modified_gmt":"2024-06-19T14:22:03","slug":"inicio","status":"publish","type":"page","link":"https:\/\/insvillaberthet-cha.infd.edu.ar\/sitio\/","title":{"rendered":"Inicio"},"content":{"rendered":"<h2><img decoding=\"async\" loading=\"lazy\" class=\"wp-image-1397 aligncenter\" src=\"https:\/\/insvillaberthet-cha.infd.edu.ar\/sitio\/wp-content\/uploads\/2024\/06\/Logo-IES-2024-1-1000x847.png\" alt=\"\" width=\"422\" height=\"357\" srcset=\"https:\/\/insvillaberthet-cha.infd.edu.ar\/sitio\/wp-content\/uploads\/2024\/06\/Logo-IES-2024-1-1000x847.png 1000w, https:\/\/insvillaberthet-cha.infd.edu.ar\/sitio\/wp-content\/uploads\/2024\/06\/Logo-IES-2024-1-1900x1610.png 1900w, https:\/\/insvillaberthet-cha.infd.edu.ar\/sitio\/wp-content\/uploads\/2024\/06\/Logo-IES-2024-1-768x651.png 768w, https:\/\/insvillaberthet-cha.infd.edu.ar\/sitio\/wp-content\/uploads\/2024\/06\/Logo-IES-2024-1-1536x1302.png 1536w, https:\/\/insvillaberthet-cha.infd.edu.ar\/sitio\/wp-content\/uploads\/2024\/06\/Logo-IES-2024-1-2048x1736.png 2048w\" sizes=\"(max-width: 422px) 100vw, 422px\" \/><\/h2>\n<p><img decoding=\"async\" loading=\"lazy\" class=\"wp-image-1398 aligncenter\" src=\"https:\/\/insvillaberthet-cha.infd.edu.ar\/sitio\/wp-content\/uploads\/2024\/06\/40-anos-educacion-para-el-futuro.png\" alt=\"\" width=\"366\" height=\"110\" srcset=\"https:\/\/insvillaberthet-cha.infd.edu.ar\/sitio\/wp-content\/uploads\/2024\/06\/40-anos-educacion-para-el-futuro.png 775w, https:\/\/insvillaberthet-cha.infd.edu.ar\/sitio\/wp-content\/uploads\/2024\/06\/40-anos-educacion-para-el-futuro-768x231.png 768w\" sizes=\"(max-width: 366px) 100vw, 366px\" \/><\/p>\n<p style=\"text-align: center;\"><span style=\"font-size: 10pt;\">El\u00a0<span style=\"color: #ff6600;\"><strong>INSTITUTO DE EDUCACI\u00d3N SUPERIOR DE VILLA BERTHET<\/strong><\/span>\u00a0forma parte del sistema de Educaci\u00f3n P\u00fablica de Gesti\u00f3n Estatal.<\/span><\/p>\n<p style=\"text-align: center;\"><span style=\"font-size: 10pt;\">A trav\u00e9s de este sitio web, el instituto comunicar\u00e1 novedades, informaci\u00f3n de inter\u00e9s para el alumnado de las distintas carreras de formaci\u00f3n, plantel docente y comunidad educativa, compartir experiencias, brindar apoyo y asesoramiento a los interesados en formar parte de la misma.<\/span><\/p>\n<p>&nbsp;<\/p>\n","protected":false},"excerpt":{"rendered":"<p>El\u00a0INSTITUTO DE EDUCACI\u00d3N SUPERIOR DE VILLA BERTHET\u00a0forma parte del sistema de Educaci\u00f3n P\u00fablica de Gesti\u00f3n Estatal. A trav\u00e9s de este sitio web, el instituto comunicar\u00e1 novedades, informaci\u00f3n de inter\u00e9s para el alumnado de las distintas carreras de formaci\u00f3n, plantel docente y comunidad educativa, compartir experiencias, brindar apoyo y asesoramiento a los interesados en formar parte &#8230; <a title=\"Inicio\" class=\"read-more\" href=\"https:\/\/insvillaberthet-cha.infd.edu.ar\/sitio\/\" aria-label=\"More on Inicio\">[+]<\/a><\/p>\n","protected":false},"author":1,"featured_media":0,"parent":0,"menu_order":0,"comment_status":"closed","ping_status":"closed","template":"","meta":[],"acf":[],"_links":{"self":[{"href":"https:\/\/insvillaberthet-cha.infd.edu.ar\/sitio\/wp-json\/wp\/v2\/pages\/286"}],"collection":[{"href":"https:\/\/insvillaberthet-cha.infd.edu.ar\/sitio\/wp-json\/wp\/v2\/pages"}],"about":[{"href":"https:\/\/insvillaberthet-cha.infd.edu.ar\/sitio\/wp-json\/wp\/v2\/types\/page"}],"author":[{"embeddable":true,"href":"https:\/\/insvillaberthet-cha.infd.edu.ar\/sitio\/wp-json\/wp\/v2\/users\/1"}],"replies":[{"embeddable":true,"href":"https:\/\/insvillaberthet-cha.infd.edu.ar\/sitio\/wp-json\/wp\/v2\/comments?post=286"}],"version-history":[{"count":88,"href":"https:\/\/insvillaberthet-cha.infd.edu.ar\/sitio\/wp-json\/wp\/v2\/pages\/286\/revisions"}],"predecessor-version":[{"id":1400,"href":"https:\/\/insvillaberthet-cha.infd.edu.ar\/sitio\/wp-json\/wp\/v2\/pages\/286\/revisions\/1400"}],"wp:attachment":[{"href":"https:\/\/insvillaberthet-cha.infd.edu.ar\/sitio\/wp-json\/wp\/v2\/media?parent=286"}],"curies":[{"name":"wp","href":"https:\/\/api.w.org\/{rel}","templated":true}]}}